{"id":24,"date":"2026-03-11T09:48:04","date_gmt":"2026-03-11T09:48:04","guid":{"rendered":"http:\/\/tovqira.online\/?page_id=24"},"modified":"2026-03-11T09:48:10","modified_gmt":"2026-03-11T09:48:10","slug":"pagina-de-contacto","status":"publish","type":"page","link":"https:\/\/tovqira.online\/?page_id=24","title":{"rendered":"P\u00e1gina de contacto"},"content":{"rendered":"\n<hr class=\"wp-block-separator has-alpha-channel-opacity\"\/>\n\n\n\n<p><strong>Ricardo Instala\u00e7\u00e3o de Piscinas<\/strong><br>Especialistas em montagem e manuten\u00e7\u00e3o t\u00e9cnica na zona de Portim\u00e3o.<\/p>\n\n\n\n<hr class=\"wp-block-separator has-alpha-channel-opacity\"\/>\n\n\n\n<p><strong>Fale connosco diretamente<\/strong><br>Para or\u00e7amentos ou assist\u00eancia t\u00e9cnica urgente utilize os seguintes contactos:<\/p>\n\n\n\n<p>E mail oficial: <strong>support@tovqira.online<\/strong><br>N\u00famero de telefone: <strong>+351-239-197-650<\/strong><\/p>\n\n\n\n<hr class=\"wp-block-separator has-alpha-channel-opacity\"\/>\n\n\n\n<p><strong>Onde nos encontramos<\/strong><br>Morada completa:  <strong>R. Manoel de Oliveira, 8500-818 Portim\u00e3o<\/strong><\/p>\n\n\n\n<hr class=\"wp-block-separator has-alpha-channel-opacity\"\/>\n\n\n\n<p><strong>Disponibilidade de trabalho<\/strong><br>Estamos dispon\u00edveis para interven\u00e7\u00f5es e visitas t\u00e9cnicas nos seguintes hor\u00e1rios:<br>De segunda a sexta feira das 08:30 \u00e0s 18:30<br>S\u00e1bados das 09:00 \u00e0s 13:00 para or\u00e7amentos e planeamento<br>Domingos e feriados o servi\u00e7o t\u00e9cnico de oficina est\u00e1 encerrado para descanso da equipa<\/p>\n","protected":false},"excerpt":{"rendered":"<p>Ricardo Instala\u00e7\u00e3o de PiscinasEspecialistas em montagem e manuten\u00e7\u00e3o t\u00e9cnica na zona de Portim\u00e3o. Fale connosco diretamentePara or\u00e7amentos ou assist\u00eancia t\u00e9cnica urgente utilize os seguintes contactos: E mail oficial: support@tovqira.onlineN\u00famero de [&hellip;]<\/p>\n","protected":false},"author":1,"featured_media":0,"parent":0,"menu_order":5,"comment_status":"closed","ping_status":"closed","template":"","meta":{"footnotes":""},"class_list":["post-24","page","type-page","status-publish","hentry"],"_links":{"self":[{"href":"https:\/\/tovqira.online\/index.php?rest_route=\/wp\/v2\/pages\/24","targetHints":{"allow":["GET"]}}],"collection":[{"href":"https:\/\/tovqira.online\/index.php?rest_route=\/wp\/v2\/pages"}],"about":[{"href":"https:\/\/tovqira.online\/index.php?rest_route=\/wp\/v2\/types\/page"}],"author":[{"embeddable":true,"href":"https:\/\/tovqira.online\/index.php?rest_route=\/wp\/v2\/users\/1"}],"replies":[{"embeddable":true,"href":"https:\/\/tovqira.online\/index.php?rest_route=%2Fwp%2Fv2%2Fcomments&post=24"}],"version-history":[{"count":1,"href":"https:\/\/tovqira.online\/index.php?rest_route=\/wp\/v2\/pages\/24\/revisions"}],"predecessor-version":[{"id":25,"href":"https:\/\/tovqira.online\/index.php?rest_route=\/wp\/v2\/pages\/24\/revisions\/25"}],"wp:attachment":[{"href":"https:\/\/tovqira.online\/index.php?rest_route=%2Fwp%2Fv2%2Fmedia&parent=24"}],"curies":[{"name":"wp","href":"https:\/\/api.w.org\/{rel}","templated":true}]}}